{"id":1135,"date":"2022-02-08T23:12:14","date_gmt":"2022-02-08T23:12:14","guid":{"rendered":"https:\/\/mfctallinn.humanrightsestonia.ee\/?page_id=1135"},"modified":"2022-02-08T23:41:58","modified_gmt":"2022-02-08T23:41:58","slug":"sissejuhatus","status":"publish","type":"page","link":"https:\/\/mfctallinn.humanrightsestonia.ee\/et\/sissejuhatus\/","title":{"rendered":"INTRO"},"content":{"rendered":"\n<p><strong>Vabaduse koalitsioonid&nbsp;<\/strong><\/p>\n\n\n\n<div class=\"wp-block-image\"><figure class=\"alignleft size-full is-resized\"><img loading=\"lazy\" decoding=\"async\" src=\"https:\/\/mfctallinn.humanrightsestonia.ee\/wp-content\/uploads\/2022\/01\/Ministrid.png\" alt=\"\" class=\"wp-image-643\" width=\"432\" height=\"432\" srcset=\"https:\/\/mfctallinn.humanrightsestonia.ee\/wp-content\/uploads\/2022\/01\/Ministrid.png 1154w, https:\/\/mfctallinn.humanrightsestonia.ee\/wp-content\/uploads\/2022\/01\/Ministrid-300x300.png 300w, https:\/\/mfctallinn.humanrightsestonia.ee\/wp-content\/uploads\/2022\/01\/Ministrid-1024x1024.png 1024w, https:\/\/mfctallinn.humanrightsestonia.ee\/wp-content\/uploads\/2022\/01\/Ministrid-150x150.png 150w, https:\/\/mfctallinn.humanrightsestonia.ee\/wp-content\/uploads\/2022\/01\/Ministrid-768x768.png 768w, https:\/\/mfctallinn.humanrightsestonia.ee\/wp-content\/uploads\/2022\/01\/Ministrid-600x600.png 600w\" sizes=\"auto, (max-width: 432px) 100vw, 432px\" \/><figcaption>Eva-Maria Liimets, v\u00e4lisminsiter<\/figcaption><\/figure><\/div>\n\n\n\n<p>Meediavabadus, internetivabadus ja v\u00e4ljendusvabadus on vaba maailma ja vaba meele tuum. Koos moodustavad need demokraatia ja on meile k\u00f5igile peamiseks aluseks, mille p\u00f5hjal teha teadlikke otsuseid. Mis juhtuks, kui see oleks ohustatud? \u201eEestlastena, kes on liiga kaua elanud repressiivse re\u017eiimi all, saame aru, mida t\u00e4hendab meeleheitlik v\u00f5itlus selle eest, et saaksime \u00f6elda seda, mida m\u00f5tleme, ning meil oleks s\u00f5ltumatu meedia. Oleme valmis juhtima j\u00f5upingutusi, et parandada meedia olukorda kogu maailmas,\u201d s\u00f5nas Eesti v\u00e4lisminister Eva-Maria Liimets.&nbsp;<\/p>\n\n\n\n<p>Maailm on ajakirjanikele j\u00e4tkuvalt ebaturvaline paik \u2013 2021. aastal peeti \u00fchenduse Piirideta Reporterid andmetel kinni rekordarv ajakirjanikke. Nende 488 kinni peetud ajakirjaniku hulgas oli 60 naist ja 65 ajakirjanikku hoitakse pantvangis. Tapetud ajakirjanikke oli 2021.&nbsp;aastal 46, mis v\u00f5ib k\u00fcll olla viimase 20 aasta v\u00e4ikseim arv, kuid siiski on iga hukkunud ajakirjanik \u00fchiskonnale ja demokraatiale suur kaotus. Ebameeldiva tegelikkuse p\u00e4evavalgele toomine on j\u00e4tkuvalt soovimatu ning t\u00f5de surutakse maha j\u00f5hkrate tegude ja meetoditega.&nbsp;<\/p>\n\n\n\n<p>Olukorra on palju keerulisemaks teinud desinformatsioon ja selle \u00fclemaailmne levik ning asjaolu, et on raske leida tasakaalu valeuudiste ja desinformatsiooni levimise takistamise ning s\u00f5navabaduse v\u00f5imaldamise vahel. COVID-19 pandeemia on meile n\u00e4idanud, kui kiiresti v\u00f5ib desinformatsioon sotsiaalmeediakanalite vahendusel levida. P\u00fc\u00fcdes sellega v\u00f5idelda omavahel tihedalt seotud maailmas, tuleb tagada, et me ei \u00fcletaks \u00f5hk\u00f5rna piiri privaatsuse ja s\u00f5navabaduse vahel, ning v\u00f5imalusi selles osas midagi ette v\u00f5tmiseks ei ole kuigi palju.&nbsp;&nbsp;<\/p>\n\n\n\n<p>Mida saab siis demokraatlik maailm teha, et leevendada kohutavat olukorda, kus paljudes riikides toimub k\u00f5rgeimal tasandil ajakirjanike meelevaldne ja karistamatu tagakiusamine ning valeinfo levib kui kulutuli?<\/p>\n\n\n\n<p>Globaalsel tasandil millegi muutmiseks tuleb \u00fchineda samameelsete liitlastega, juhtida probleemile s\u00fcstemaatiliselt t\u00e4helepanu ning survestada kurjategijaid k\u00f5igi diplomaatiliste vahenditega.<\/p>\n\n\n\n<p>Kaks ja pool aastat tagasi loodi meediavabaduse koalitsioon, millel on praeguseks 50 liikmesriiki, et kaitsta meediavabadust, tagada ajakirjanike turvalisus ja v\u00f5tta vastutusele need, kes r\u00fcndavad ajakirjanikke selle eest, et nad teevad oma t\u00f6\u00f6d. Koalitsioon j\u00e4lgib aktiivselt meedia ja v\u00e4ljendusvabaduse olukorda maailmas, teeb t\u00f5siseimate olukordade kohta avaldusi ning proovib aidata seal, kus olukord k\u00f5ige hullem.<\/p>\n\n\n\n<p>Kuigi maailmas ollakse \u00fcldiselt \u00fchel meelel, et meedia ja interneti esmane ja peamine roll on kodanike teavitamine, on siiski erimeelsusi selles osas, kui suures ulatuses seda teavet kontrollitakse ja hallatakse. On selge, et Eestis, mis on Freedom House\u2019i andmeil internetivabaduselt maailmas teine ja meediavabaduselt maailma esimese 15 riigi hulgas, peetakse v\u00e4ljendusvabaduse tagamist k\u00f5igis vormides \u00fclimalt oluliseks. Peame leidma v\u00f5imaluse v\u00f5idelda desinformatsiooniga, ilma et kahjustaksime v\u00e4ljendusvabadust.<\/p>\n\n\n\n<p>Nagu paljud teisedki meediavabaduse koalitsiooni liikmed, on Eesti ka internetivabaduse koalitsiooni liige ning soovib 9.\u201310. veebruaril toimuva \u00fclemaailmse meediavabaduse konverentsi korraldajana nende kahe vahel s\u00fcnergia luua. Kahe koalitsiooni vastastikune toetamine ja teineteiselt parimate tavade \u00f5ppimine on \u00fcks keskseid teemasid konverentsi ja kahe koalitsiooni tulevases koost\u00f6\u00f6s.&nbsp;<\/p>\n","protected":false},"excerpt":{"rendered":"<p>Vabaduse koalitsioonid&nbsp; Meediavabadus, internetivabadus ja v\u00e4ljendusvabadus on vaba maailma ja vaba meele tuum. Koos moodustavad need demokraatia ja on meile k\u00f5igile peamiseks aluseks, mille p\u00f5hjal teha teadlikke otsuseid. Mis juhtuks, kui see oleks ohustatud? \u201eEestlastena, kes on liiga kaua elanud repressiivse re\u017eiimi all, saame aru, mida t\u00e4hendab meeleheitlik v\u00f5itlus selle eest, et saaksime \u00f6elda seda, [&hellip;]<\/p>\n","protected":false},"author":3,"featured_media":0,"parent":0,"menu_order":0,"comment_status":"closed","ping_status":"closed","template":"","meta":{"footnotes":""},"class_list":["post-1135","page","type-page","status-publish","hentry"],"acf":[],"_links":{"self":[{"href":"https:\/\/mfctallinn.humanrightsestonia.ee\/et\/wp-json\/wp\/v2\/pages\/1135","targetHints":{"allow":["GET"]}}],"collection":[{"href":"https:\/\/mfctallinn.humanrightsestonia.ee\/et\/wp-json\/wp\/v2\/pages"}],"about":[{"href":"https:\/\/mfctallinn.humanrightsestonia.ee\/et\/wp-json\/wp\/v2\/types\/page"}],"author":[{"embeddable":true,"href":"https:\/\/mfctallinn.humanrightsestonia.ee\/et\/wp-json\/wp\/v2\/users\/3"}],"replies":[{"embeddable":true,"href":"https:\/\/mfctallinn.humanrightsestonia.ee\/et\/wp-json\/wp\/v2\/comments?post=1135"}],"version-history":[{"count":6,"href":"https:\/\/mfctallinn.humanrightsestonia.ee\/et\/wp-json\/wp\/v2\/pages\/1135\/revisions"}],"predecessor-version":[{"id":1146,"href":"https:\/\/mfctallinn.humanrightsestonia.ee\/et\/wp-json\/wp\/v2\/pages\/1135\/revisions\/1146"}],"wp:attachment":[{"href":"https:\/\/mfctallinn.humanrightsestonia.ee\/et\/wp-json\/wp\/v2\/media?parent=1135"}],"curies":[{"name":"wp","href":"https:\/\/api.w.org\/{rel}","templated":true}]}}